{"id":1115,"date":"2024-04-10T13:26:16","date_gmt":"2024-04-10T11:26:16","guid":{"rendered":"https:\/\/drrybaczek.pl\/about-me\/"},"modified":"2024-10-14T08:41:25","modified_gmt":"2024-10-14T06:41:25","slug":"about-me","status":"publish","type":"page","link":"https:\/\/ortopediarybaczek.pl\/en\/about-me\/","title":{"rendered":"About me"},"content":{"rendered":"\t\t<div data-elementor-type=\"wp-page\" data-elementor-id=\"1115\" class=\"elementor elementor-1115 elementor-39\" data-elementor-post-type=\"page\">\n\t\t\t\t<div class=\"elementor-element elementor-element-42dae80 e-flex e-con-boxed e-con e-parent\" data-id=\"42dae80\" data-element_type=\"container\" data-settings=\"{&quot;jet_parallax_layout_list&quot;:[]}\">\n\t\t\t\t\t<div class=\"e-con-inner\">\n\t\t\t\t<div class=\"elementor-element elementor-element-ce1c0bf elementor-widget elementor-widget-template\" data-id=\"ce1c0bf\" data-element_type=\"widget\" data-widget_type=\"template.default\">\n\t\t\t\t<div class=\"elementor-widget-container\">\n\t\t\t\t\t<div class=\"elementor-template\">\n\t\t\t\t\t<div data-elementor-type=\"container\" data-elementor-id=\"1164\" class=\"elementor elementor-1164 elementor-679\" data-elementor-post-type=\"elementor_library\">\n\t\t\t\t<div class=\"elementor-element elementor-element-a967919 e-flex e-con-boxed e-con e-parent\" data-id=\"a967919\" data-element_type=\"container\" data-settings=\"{&quot;jet_parallax_layout_list&quot;:[],&quot;background_background&quot;:&quot;classic&quot;}\">\n\t\t\t\t\t<div class=\"e-con-inner\">\n\t\t\t\t<div class=\"elementor-element elementor-element-53cbed05 elementor-widget elementor-widget-breadcrumbs\" data-id=\"53cbed05\" data-element_type=\"widget\" data-widget_type=\"breadcrumbs.default\">\n\t\t\t\t<div class=\"elementor-widget-container\">\n\t\t\t<link rel=\"stylesheet\" href=\"https:\/\/ortopediarybaczek.pl\/wp-content\/plugins\/elementor-pro\/assets\/css\/widget-theme-elements.min.css\"><p id=\"breadcrumbs\"><span><span><a href=\"https:\/\/ortopediarybaczek.pl\/en\/\">Home<\/a><\/span><\/span><\/p>\t\t<\/div>\n\t\t\t\t<\/div>\n\t\t\t\t\t<\/div>\n\t\t\t\t<\/div>\n\t\t\t\t<\/div>\n\t\t\t\t<\/div>\n\t\t\t\t<\/div>\n\t\t\t\t<\/div>\n\t\t\t\t\t<\/div>\n\t\t\t\t<\/div>\n\t\t<div class=\"elementor-element elementor-element-ac8ca12 e-flex e-con-boxed e-con e-parent\" data-id=\"ac8ca12\" data-element_type=\"container\" data-settings=\"{&quot;jet_parallax_layout_list&quot;:[]}\">\n\t\t\t\t\t<div class=\"e-con-inner\">\n\t\t<div class=\"elementor-element elementor-element-8f49b5d e-con-full e-flex e-con e-child\" data-id=\"8f49b5d\" data-element_type=\"container\" data-settings=\"{&quot;background_background&quot;:&quot;classic&quot;,&quot;jet_parallax_layout_list&quot;:[]}\">\n\t\t\t\t<div class=\"elementor-element elementor-element-d9967bd elementor-widget__width-inherit elementor-widget elementor-widget-heading\" data-id=\"d9967bd\" data-element_type=\"widget\" data-widget_type=\"heading.default\">\n\t\t\t\t<div class=\"elementor-widget-container\">\n\t\t\t<style>\/*! elementor - v3.22.0 - 26-06-2024 *\/\n.elementor-heading-title{padding:0;margin:0;line-height:1}.elementor-widget-heading .elementor-heading-title[class*=elementor-size-]>a{color:inherit;font-size:inherit;line-height:inherit}.elementor-widget-heading .elementor-heading-title.elementor-size-small{font-size:15px}.elementor-widget-heading .elementor-heading-title.elementor-size-medium{font-size:19px}.elementor-widget-heading .elementor-heading-title.elementor-size-large{font-size:29px}.elementor-widget-heading .elementor-heading-title.elementor-size-xl{font-size:39px}.elementor-widget-heading .elementor-heading-title.elementor-size-xxl{font-size:59px}<\/style><h2 class=\"elementor-heading-title elementor-size-default\">Emil Rybaczek<\/h2>\t\t<\/div>\n\t\t\t\t<\/div>\n\t\t\t\t<div class=\"elementor-element elementor-element-f6eb1c9 p-margin elementor-widget elementor-widget-text-editor\" data-id=\"f6eb1c9\" data-element_type=\"widget\" data-widget_type=\"text-editor.default\">\n\t\t\t\t<div class=\"elementor-widget-container\">\n\t\t\t<style>\/*! elementor - v3.22.0 - 26-06-2024 *\/\n.elementor-widget-text-editor.elementor-drop-cap-view-stacked .elementor-drop-cap{background-color:#69727d;color:#fff}.elementor-widget-text-editor.elementor-drop-cap-view-framed .elementor-drop-cap{color:#69727d;border:3px solid;background-color:transparent}.elementor-widget-text-editor:not(.elementor-drop-cap-view-default) .elementor-drop-cap{margin-top:8px}.elementor-widget-text-editor:not(.elementor-drop-cap-view-default) .elementor-drop-cap-letter{width:1em;height:1em}.elementor-widget-text-editor .elementor-drop-cap{float:left;text-align:center;line-height:1;font-size:50px}.elementor-widget-text-editor .elementor-drop-cap-letter{display:inline-block}<\/style>\t\t\t\tSpecialist in Orthopedics and Traumatology of the Movement Organ\t\t\t\t\t\t<\/div>\n\t\t\t\t<\/div>\n\t\t\t\t<div class=\"elementor-element elementor-element-c4e3fd2 elementor-widget-divider--view-line elementor-widget elementor-widget-divider\" data-id=\"c4e3fd2\" data-element_type=\"widget\" data-widget_type=\"divider.default\">\n\t\t\t\t<div class=\"elementor-widget-container\">\n\t\t\t<style>\/*! elementor - v3.22.0 - 26-06-2024 *\/\n.elementor-widget-divider{--divider-border-style:none;--divider-border-width:1px;--divider-color:#0c0d0e;--divider-icon-size:20px;--divider-element-spacing:10px;--divider-pattern-height:24px;--divider-pattern-size:20px;--divider-pattern-url:none;--divider-pattern-repeat:repeat-x}.elementor-widget-divider .elementor-divider{display:flex}.elementor-widget-divider .elementor-divider__text{font-size:15px;line-height:1;max-width:95%}.elementor-widget-divider .elementor-divider__element{margin:0 var(--divider-element-spacing);flex-shrink:0}.elementor-widget-divider .elementor-icon{font-size:var(--divider-icon-size)}.elementor-widget-divider .elementor-divider-separator{display:flex;margin:0;direction:ltr}.elementor-widget-divider--view-line_icon .elementor-divider-separator,.elementor-widget-divider--view-line_text .elementor-divider-separator{align-items:center}.elementor-widget-divider--view-line_icon .elementor-divider-separator:after,.elementor-widget-divider--view-line_icon .elementor-divider-separator:before,.elementor-widget-divider--view-line_text .elementor-divider-separator:after,.elementor-widget-divider--view-line_text .elementor-divider-separator:before{display:block;content:\"\";border-block-end:0;flex-grow:1;border-block-start:var(--divider-border-width) var(--divider-border-style) var(--divider-color)}.elementor-widget-divider--element-align-left .elementor-divider .elementor-divider-separator>.elementor-divider__svg:first-of-type{flex-grow:0;flex-shrink:100}.elementor-widget-divider--element-align-left .elementor-divider-separator:before{content:none}.elementor-widget-divider--element-align-left .elementor-divider__element{margin-left:0}.elementor-widget-divider--element-align-right .elementor-divider .elementor-divider-separator>.elementor-divider__svg:last-of-type{flex-grow:0;flex-shrink:100}.elementor-widget-divider--element-align-right .elementor-divider-separator:after{content:none}.elementor-widget-divider--element-align-right .elementor-divider__element{margin-right:0}.elementor-widget-divider--element-align-start .elementor-divider .elementor-divider-separator>.elementor-divider__svg:first-of-type{flex-grow:0;flex-shrink:100}.elementor-widget-divider--element-align-start .elementor-divider-separator:before{content:none}.elementor-widget-divider--element-align-start .elementor-divider__element{margin-inline-start:0}.elementor-widget-divider--element-align-end .elementor-divider .elementor-divider-separator>.elementor-divider__svg:last-of-type{flex-grow:0;flex-shrink:100}.elementor-widget-divider--element-align-end .elementor-divider-separator:after{content:none}.elementor-widget-divider--element-align-end .elementor-divider__element{margin-inline-end:0}.elementor-widget-divider:not(.elementor-widget-divider--view-line_text):not(.elementor-widget-divider--view-line_icon) .elementor-divider-separator{border-block-start:var(--divider-border-width) var(--divider-border-style) var(--divider-color)}.elementor-widget-divider--separator-type-pattern{--divider-border-style:none}.elementor-widget-divider--separator-type-pattern.elementor-widget-divider--view-line .elementor-divider-separator,.elementor-widget-divider--separator-type-pattern:not(.elementor-widget-divider--view-line) .elementor-divider-separator:after,.elementor-widget-divider--separator-type-pattern:not(.elementor-widget-divider--view-line) .elementor-divider-separator:before,.elementor-widget-divider--separator-type-pattern:not([class*=elementor-widget-divider--view]) .elementor-divider-separator{width:100%;min-height:var(--divider-pattern-height);-webkit-mask-size:var(--divider-pattern-size) 100%;mask-size:var(--divider-pattern-size) 100%;-webkit-mask-repeat:var(--divider-pattern-repeat);mask-repeat:var(--divider-pattern-repeat);background-color:var(--divider-color);-webkit-mask-image:var(--divider-pattern-url);mask-image:var(--divider-pattern-url)}.elementor-widget-divider--no-spacing{--divider-pattern-size:auto}.elementor-widget-divider--bg-round{--divider-pattern-repeat:round}.rtl .elementor-widget-divider .elementor-divider__text{direction:rtl}.e-con-inner>.elementor-widget-divider,.e-con>.elementor-widget-divider{width:var(--container-widget-width,100%);--flex-grow:var(--container-widget-flex-grow)}<\/style>\t\t<div class=\"elementor-divider\">\n\t\t\t<span class=\"elementor-divider-separator\">\n\t\t\t\t\t\t<\/span>\n\t\t<\/div>\n\t\t\t\t<\/div>\n\t\t\t\t<\/div>\n\t\t\t\t<div class=\"elementor-element elementor-element-a5b04ec elementor-widget elementor-widget-text-editor\" data-id=\"a5b04ec\" data-element_type=\"widget\" data-widget_type=\"text-editor.default\">\n\t\t\t\t<div class=\"elementor-widget-container\">\n\t\t\t\t\t\t\t<p>A graduate of medicine at the Faculty of Military Medicine of the Medical University of \u0141\u00f3d\u017a. Member of the Polish Society of Orthopedics and Traumatology of the Musculoskeletal System (PTOiTr) and the Polish Arthroscopic Society (PTArtro).<\/p>\n<p>Participant of many domestic and foreign specialist courses and training in the field of treatment of diseases and injuries of the musculoskeletal system.<\/p>\n<p>Senior assistant at the Department of Orthopedics and Trauma Surgery of the 7th Naval Hospital in Gda\u0144sk.<\/p>\n\t\t\t\t\t\t<\/div>\n\t\t\t\t<\/div>\n\t\t<div class=\"elementor-element elementor-element-415e342 e-flex e-con-boxed e-con e-child\" data-id=\"415e342\" data-element_type=\"container\" data-settings=\"{&quot;jet_parallax_layout_list&quot;:[]}\">\n\t\t\t\t\t<div class=\"e-con-inner\">\n\t\t\t\t<div class=\"elementor-element elementor-element-002b473 elementor-mobile-align-justify elementor-widget-mobile__width-initial elementor-tablet-align-justify elementor-widget-tablet__width-inherit elementor-widget elementor-widget-button\" data-id=\"002b473\" data-element_type=\"widget\" data-widget_type=\"button.default\">\n\t\t\t\t<div class=\"elementor-widget-container\">\n\t\t\t\t\t<div class=\"elementor-button-wrapper\">\n\t\t\t<a class=\"elementor-button elementor-button-link elementor-size-sm\" href=\"https:\/\/www.znanylekarz.pl\/emil-rybaczek-2\/ortopeda\/gdynia\">\n\t\t\t\t\t\t<span class=\"elementor-button-content-wrapper\">\n\t\t\t\t\t\t\t\t\t<span class=\"elementor-button-text\">Znany lekarz profile<\/span>\n\t\t\t\t\t<\/span>\n\t\t\t\t\t<\/a>\n\t\t<\/div>\n\t\t\t\t<\/div>\n\t\t\t\t<\/div>\n\t\t\t\t<div class=\"elementor-element elementor-element-8254054 elementor-mobile-align-justify elementor-widget-mobile__width-initial elementor-tablet-align-justify elementor-widget-tablet__width-inherit elementor-widget elementor-widget-button\" data-id=\"8254054\" data-element_type=\"widget\" data-widget_type=\"button.default\">\n\t\t\t\t<div class=\"elementor-widget-container\">\n\t\t\t\t\t<div class=\"elementor-button-wrapper\">\n\t\t\t<a class=\"elementor-button elementor-button-link elementor-size-sm\" href=\"https:\/\/ortopediarybaczek.pl\/en\/make-an-appointment\/\">\n\t\t\t\t\t\t<span class=\"elementor-button-content-wrapper\">\n\t\t\t\t\t\t\t\t\t<span class=\"elementor-button-text\">Make an appointment<\/span>\n\t\t\t\t\t<\/span>\n\t\t\t\t\t<\/a>\n\t\t<\/div>\n\t\t\t\t<\/div>\n\t\t\t\t<\/div>\n\t\t\t\t\t<\/div>\n\t\t\t\t<\/div>\n\t\t\t\t<\/div>\n\t\t<div class=\"elementor-element elementor-element-c5ed29f e-con-full e-flex e-con e-child\" data-id=\"c5ed29f\" data-element_type=\"container\" data-settings=\"{&quot;background_background&quot;:&quot;classic&quot;,&quot;jet_parallax_layout_list&quot;:[]}\">\n\t\t\t\t<\/div>\n\t\t\t\t\t<\/div>\n\t\t\t\t<\/div>\n\t\t\t\t<\/div>\n\t\t","protected":false},"excerpt":{"rendered":"<p>Znany lekarz profile Make an appointment<\/p>\n","protected":false},"author":1,"featured_media":0,"parent":0,"menu_order":0,"comment_status":"closed","ping_status":"closed","template":"elementor_header_footer","meta":{"footnotes":""},"class_list":["post-1115","page","type-page","status-publish","hentry"],"yoast_head":"<!-- This site is optimized with the Yoast SEO plugin v23.0 - https:\/\/yoast.com\/wordpress\/plugins\/seo\/ -->\n<title>About me - Ortopeda Emil Rybaczek - Gdynia Graduate of the Medical University of L\u00f3d\u017a Poland<\/title>\n<meta name=\"description\" content=\"A graduate of medicine at the Faculty of Military Medicine of the Medical University of Lodz. Member of the Polish Society of Orthopedics and Traumatology of the Musculoskeletal System (PTOiTr) and the Polish Arthroscopic Society (PTArtro).\" \/>\n<meta name=\"robots\" content=\"index, follow, max-snippet:-1, max-image-preview:large, max-video-preview:-1\" \/>\n<link rel=\"canonical\" href=\"https:\/\/ortopediarybaczek.pl\/en\/about-me\/\" \/>\n<meta property=\"og:locale\" content=\"en_US\" \/>\n<meta property=\"og:type\" content=\"article\" \/>\n<meta property=\"og:title\" content=\"About me - Ortopeda Emil Rybaczek - Gdynia Graduate of the Medical University of L\u00f3d\u017a Poland\" \/>\n<meta property=\"og:description\" content=\"A graduate of medicine at the Faculty of Military Medicine of the Medical University of Lodz. Member of the Polish Society of Orthopedics and Traumatology of the Musculoskeletal System (PTOiTr) and the Polish Arthroscopic Society (PTArtro).\" \/>\n<meta property=\"og:url\" content=\"https:\/\/ortopediarybaczek.pl\/en\/about-me\/\" \/>\n<meta property=\"og:site_name\" content=\"Ortopeda Emil Rybaczek - Gdynia\" \/>\n<meta property=\"article:publisher\" content=\"https:\/\/www.facebook.com\/profile.php?id=100094373287766\" \/>\n<meta property=\"article:modified_time\" content=\"2024-10-14T06:41:25+00:00\" \/>\n<meta property=\"og:image\" content=\"https:\/\/ortopediarybaczek.pl\/wp-content\/uploads\/facebok-lg.jpg\" \/>\n\t<meta property=\"og:image:width\" content=\"1200\" \/>\n\t<meta property=\"og:image:height\" content=\"675\" \/>\n\t<meta property=\"og:image:type\" content=\"image\/jpeg\" \/>\n<meta name=\"twitter:card\" content=\"summary_large_image\" \/>\n<meta name=\"twitter:label1\" content=\"Est. reading time\" \/>\n\t<meta name=\"twitter:data1\" content=\"1 minute\" \/>\n<script type=\"application\/ld+json\" class=\"yoast-schema-graph\">{\"@context\":\"https:\/\/schema.org\",\"@graph\":[{\"@type\":\"WebPage\",\"@id\":\"https:\/\/ortopediarybaczek.pl\/en\/about-me\/\",\"url\":\"https:\/\/ortopediarybaczek.pl\/en\/about-me\/\",\"name\":\"About me - Ortopeda Emil Rybaczek - Gdynia Graduate of the Medical University of L\u00f3d\u017a Poland\",\"isPartOf\":{\"@id\":\"https:\/\/ortopediarybaczek.pl\/en\/#website\"},\"datePublished\":\"2024-04-10T11:26:16+00:00\",\"dateModified\":\"2024-10-14T06:41:25+00:00\",\"description\":\"A graduate of medicine at the Faculty of Military Medicine of the Medical University of Lodz. Member of the Polish Society of Orthopedics and Traumatology of the Musculoskeletal System (PTOiTr) and the Polish Arthroscopic Society (PTArtro).\",\"breadcrumb\":{\"@id\":\"https:\/\/ortopediarybaczek.pl\/en\/about-me\/#breadcrumb\"},\"inLanguage\":\"en-US\",\"potentialAction\":[{\"@type\":\"ReadAction\",\"target\":[\"https:\/\/ortopediarybaczek.pl\/en\/about-me\/\"]}]},{\"@type\":\"BreadcrumbList\",\"@id\":\"https:\/\/ortopediarybaczek.pl\/en\/about-me\/#breadcrumb\",\"itemListElement\":[{\"@type\":\"ListItem\",\"position\":1,\"name\":\"Home\",\"item\":\"https:\/\/ortopediarybaczek.pl\/en\/\"},{\"@type\":\"ListItem\",\"position\":2,\"name\":\"About me\"}]},{\"@type\":\"WebSite\",\"@id\":\"https:\/\/ortopediarybaczek.pl\/en\/#website\",\"url\":\"https:\/\/ortopediarybaczek.pl\/en\/\",\"name\":\"Ortopeda Emil Rybaczek - Gdynia\",\"description\":\"\",\"publisher\":{\"@id\":\"https:\/\/ortopediarybaczek.pl\/en\/#organization\"},\"potentialAction\":[{\"@type\":\"SearchAction\",\"target\":{\"@type\":\"EntryPoint\",\"urlTemplate\":\"https:\/\/ortopediarybaczek.pl\/en\/?s={search_term_string}\"},\"query-input\":\"required name=search_term_string\"}],\"inLanguage\":\"en-US\"},{\"@type\":\"Organization\",\"@id\":\"https:\/\/ortopediarybaczek.pl\/en\/#organization\",\"name\":\"Emil Rybaczek\",\"alternateName\":\"Ortopedia\",\"url\":\"https:\/\/ortopediarybaczek.pl\/en\/\",\"logo\":{\"@type\":\"ImageObject\",\"inLanguage\":\"en-US\",\"@id\":\"https:\/\/ortopediarybaczek.pl\/en\/#\/schema\/logo\/image\/\",\"url\":\"https:\/\/ortopediarybaczek.pl\/wp-content\/uploads\/facebook.webp\",\"contentUrl\":\"https:\/\/ortopediarybaczek.pl\/wp-content\/uploads\/facebook.webp\",\"width\":600,\"height\":600,\"caption\":\"Emil Rybaczek\"},\"image\":{\"@id\":\"https:\/\/ortopediarybaczek.pl\/en\/#\/schema\/logo\/image\/\"},\"sameAs\":[\"https:\/\/www.facebook.com\/profile.php?id=100094373287766\"]}]}<\/script>\n<!-- \/ Yoast SEO plugin. -->","yoast_head_json":{"title":"About me - Ortopeda Emil Rybaczek - Gdynia Graduate of the Medical University of L\u00f3d\u017a Poland","description":"A graduate of medicine at the Faculty of Military Medicine of the Medical University of Lodz. Member of the Polish Society of Orthopedics and Traumatology of the Musculoskeletal System (PTOiTr) and the Polish Arthroscopic Society (PTArtro).","robots":{"index":"index","follow":"follow","max-snippet":"max-snippet:-1","max-image-preview":"max-image-preview:large","max-video-preview":"max-video-preview:-1"},"canonical":"https:\/\/ortopediarybaczek.pl\/en\/about-me\/","og_locale":"en_US","og_type":"article","og_title":"About me - Ortopeda Emil Rybaczek - Gdynia Graduate of the Medical University of L\u00f3d\u017a Poland","og_description":"A graduate of medicine at the Faculty of Military Medicine of the Medical University of Lodz. Member of the Polish Society of Orthopedics and Traumatology of the Musculoskeletal System (PTOiTr) and the Polish Arthroscopic Society (PTArtro).","og_url":"https:\/\/ortopediarybaczek.pl\/en\/about-me\/","og_site_name":"Ortopeda Emil Rybaczek - Gdynia","article_publisher":"https:\/\/www.facebook.com\/profile.php?id=100094373287766","article_modified_time":"2024-10-14T06:41:25+00:00","og_image":[{"width":1200,"height":675,"url":"https:\/\/ortopediarybaczek.pl\/wp-content\/uploads\/facebok-lg.jpg","type":"image\/jpeg"}],"twitter_card":"summary_large_image","twitter_misc":{"Est. reading time":"1 minute"},"schema":{"@context":"https:\/\/schema.org","@graph":[{"@type":"WebPage","@id":"https:\/\/ortopediarybaczek.pl\/en\/about-me\/","url":"https:\/\/ortopediarybaczek.pl\/en\/about-me\/","name":"About me - Ortopeda Emil Rybaczek - Gdynia Graduate of the Medical University of L\u00f3d\u017a Poland","isPartOf":{"@id":"https:\/\/ortopediarybaczek.pl\/en\/#website"},"datePublished":"2024-04-10T11:26:16+00:00","dateModified":"2024-10-14T06:41:25+00:00","description":"A graduate of medicine at the Faculty of Military Medicine of the Medical University of Lodz. Member of the Polish Society of Orthopedics and Traumatology of the Musculoskeletal System (PTOiTr) and the Polish Arthroscopic Society (PTArtro).","breadcrumb":{"@id":"https:\/\/ortopediarybaczek.pl\/en\/about-me\/#breadcrumb"},"inLanguage":"en-US","potentialAction":[{"@type":"ReadAction","target":["https:\/\/ortopediarybaczek.pl\/en\/about-me\/"]}]},{"@type":"BreadcrumbList","@id":"https:\/\/ortopediarybaczek.pl\/en\/about-me\/#breadcrumb","itemListElement":[{"@type":"ListItem","position":1,"name":"Home","item":"https:\/\/ortopediarybaczek.pl\/en\/"},{"@type":"ListItem","position":2,"name":"About me"}]},{"@type":"WebSite","@id":"https:\/\/ortopediarybaczek.pl\/en\/#website","url":"https:\/\/ortopediarybaczek.pl\/en\/","name":"Ortopeda Emil Rybaczek - Gdynia","description":"","publisher":{"@id":"https:\/\/ortopediarybaczek.pl\/en\/#organization"},"potentialAction":[{"@type":"SearchAction","target":{"@type":"EntryPoint","urlTemplate":"https:\/\/ortopediarybaczek.pl\/en\/?s={search_term_string}"},"query-input":"required name=search_term_string"}],"inLanguage":"en-US"},{"@type":"Organization","@id":"https:\/\/ortopediarybaczek.pl\/en\/#organization","name":"Emil Rybaczek","alternateName":"Ortopedia","url":"https:\/\/ortopediarybaczek.pl\/en\/","logo":{"@type":"ImageObject","inLanguage":"en-US","@id":"https:\/\/ortopediarybaczek.pl\/en\/#\/schema\/logo\/image\/","url":"https:\/\/ortopediarybaczek.pl\/wp-content\/uploads\/facebook.webp","contentUrl":"https:\/\/ortopediarybaczek.pl\/wp-content\/uploads\/facebook.webp","width":600,"height":600,"caption":"Emil Rybaczek"},"image":{"@id":"https:\/\/ortopediarybaczek.pl\/en\/#\/schema\/logo\/image\/"},"sameAs":["https:\/\/www.facebook.com\/profile.php?id=100094373287766"]}]}},"_links":{"self":[{"href":"https:\/\/ortopediarybaczek.pl\/en\/wp-json\/wp\/v2\/pages\/1115","targetHints":{"allow":["GET"]}}],"collection":[{"href":"https:\/\/ortopediarybaczek.pl\/en\/wp-json\/wp\/v2\/pages"}],"about":[{"href":"https:\/\/ortopediarybaczek.pl\/en\/wp-json\/wp\/v2\/types\/page"}],"author":[{"embeddable":true,"href":"https:\/\/ortopediarybaczek.pl\/en\/wp-json\/wp\/v2\/users\/1"}],"replies":[{"embeddable":true,"href":"https:\/\/ortopediarybaczek.pl\/en\/wp-json\/wp\/v2\/comments?post=1115"}],"version-history":[{"count":30,"href":"https:\/\/ortopediarybaczek.pl\/en\/wp-json\/wp\/v2\/pages\/1115\/revisions"}],"predecessor-version":[{"id":1991,"href":"https:\/\/ortopediarybaczek.pl\/en\/wp-json\/wp\/v2\/pages\/1115\/revisions\/1991"}],"wp:attachment":[{"href":"https:\/\/ortopediarybaczek.pl\/en\/wp-json\/wp\/v2\/media?parent=1115"}],"curies":[{"name":"wp","href":"https:\/\/api.w.org\/{rel}","templated":true}]}}